{"id":17361,"date":"2025-12-18T14:33:19","date_gmt":"2025-12-18T14:33:19","guid":{"rendered":"https:\/\/loshaitisescayolevantado.com\/?post_type=product&#038;p=17361"},"modified":"2026-01-09T14:45:33","modified_gmt":"2026-01-09T14:45:33","slug":"dominikanska-republika-3hodinova-prohlidka-pro-milovniky-cokolady","status":"publish","type":"product","link":"https:\/\/loshaitisescayolevantado.com\/cs\/zajezdy\/dominikanska-republika-3hodinova-prohlidka-pro-milovniky-cokolady\/","title":{"rendered":"Dominik\u00e1nsk\u00e1 republika: T\u0159\u00edhodinov\u00e1 prohl\u00eddka pro milovn\u00edky \u010dokol\u00e1dy"},"content":{"rendered":"<p>Pokud jste milovn\u00edky \u010dokol\u00e1dy, m\u00e1te mo\u017enost z\u00fa\u010dastnit se tohoto rozs\u00e1hl\u00e9ho vzd\u011bl\u00e1vac\u00edho setk\u00e1n\u00ed o \u010dokol\u00e1d\u011b. P\u0159i t\u00e9to prohl\u00eddce m\u00e1te k dispozici v\u00fdhody prohl\u00eddky plant\u00e1\u017ee a dal\u0161\u00ed informace od odborn\u00edk\u016f na \u010dokol\u00e1du.<\/p>\n<p>B\u011bhem t\u00e9to prohl\u00eddky v\u00e1s odborn\u00edci provedou v\u0161emi kroky pot\u0159ebn\u00fdmi k v\u00fdrob\u011b kvalitn\u00edho kakaa. Za\u010d\u00edn\u00e1 se v\u00fdsevem, kde si m\u016f\u017eete zas\u00edt vlastn\u00ed kakaovn\u00edk, a pokra\u010duje se v\u00fdukou sklizn\u011b, \u0159ez\u00e1n\u00ed a extrakce zrn v kakaov\u00e9m lusku. Pokra\u010duje procesem po sklizni: fermentac\u00ed a su\u0161en\u00edm, kter\u00e9 jsou ur\u010duj\u00edc\u00edmi faktory kvality \u010dokol\u00e1dy. Seznamte se s ekosyst\u00e9mem Dominik\u00e1nsk\u00e9 republiky a s t\u00edm, co j\u00ed umo\u017e\u0148uje m\u00edt ide\u00e1ln\u00ed podm\u00ednky pro p\u011bstov\u00e1n\u00ed kvalitn\u00edho kakaa, kter\u00e9 se vyv\u00edj\u00ed v nejkvalitn\u011bj\u0161\u00ed \u010dokol\u00e1du.<\/p>\n<p>Po vynikaj\u00edc\u00edm m\u00edstn\u00edm ob\u011bd\u011b se z\u00fa\u010dastn\u00edte lekce, kde se nau\u010d\u00edte ochutn\u00e1vat \u010dokol\u00e1du p\u011bti smysly. Krom\u011b toho nav\u0161t\u00edv\u00edte dal\u0161\u00ed z plant\u00e1\u017e\u00ed, kde m\u016f\u017eete pozorovat automatizovan\u011bj\u0161\u00ed zpracov\u00e1n\u00ed kakaa v mal\u00e9m m\u011b\u0159\u00edtku. Dozv\u00edte se tak\u00e9 v\u00edce o procesech fermentace a su\u0161en\u00ed a jejich v\u00fdznamu p\u0159i v\u00fdrob\u011b gurm\u00e1nsk\u00e9 \u010dokol\u00e1dy.<\/p>","protected":false},"excerpt":{"rendered":"<div data-track=\"overview\" data-v-83a2b402=\"\">\n<section id=\"activity-overview\" class=\"activity-overview\" data-component=\"overview\" data-v-83a2b402=\"\" data-v-f3236c42=\"\">\n<p class=\"activity-overview__content\" data-test-id=\"activity-overview-content\" data-v-f3236c42=\"\">Tato t\u0159\u00edhodinov\u00e1 exkurze v Dominik\u00e1nsk\u00e9 republice je ur\u010dena pro milovn\u00edky \u010dokol\u00e1dy, kte\u0159\u00ed cht\u011bj\u00ed hloub\u011bji proniknout do procesu v\u00fdroby kakaa a \u010dokol\u00e1dy. \u010cek\u00e1 v\u00e1s prohl\u00eddka, ob\u011bd a exkluzivn\u00ed ochutn\u00e1vka \u010dokol\u00e1dy.<\/p>\n<\/section>\n<\/div>\n<div data-track=\"key-details\" data-v-83a2b402=\"\"><\/div>","protected":false},"featured_media":17537,"template":"","meta":[],"product_brand":[],"product_cat":[97],"product_tag":[101,102],"class_list":{"0":"post-17361","1":"product","2":"type-product","3":"status-publish","4":"has-post-thumbnail","6":"product_cat-dominican-republic","7":"product_tag-excursion","8":"product_tag-tour","10":"first","11":"instock","12":"shipping-taxable","13":"product-type-external"},"_links":{"self":[{"href":"https:\/\/loshaitisescayolevantado.com\/cs\/wp-json\/wp\/v2\/product\/17361","targetHints":{"allow":["GET"]}}],"collection":[{"href":"https:\/\/loshaitisescayolevantado.com\/cs\/wp-json\/wp\/v2\/product"}],"about":[{"href":"https:\/\/loshaitisescayolevantado.com\/cs\/wp-json\/wp\/v2\/types\/product"}],"wp:featuredmedia":[{"embeddable":true,"href":"https:\/\/loshaitisescayolevantado.com\/cs\/wp-json\/wp\/v2\/media\/17537"}],"wp:attachment":[{"href":"https:\/\/loshaitisescayolevantado.com\/cs\/wp-json\/wp\/v2\/media?parent=17361"}],"wp:term":[{"taxonomy":"product_brand","embeddable":true,"href":"https:\/\/loshaitisescayolevantado.com\/cs\/wp-json\/wp\/v2\/product_brand?post=17361"},{"taxonomy":"product_cat","embeddable":true,"href":"https:\/\/loshaitisescayolevantado.com\/cs\/wp-json\/wp\/v2\/product_cat?post=17361"},{"taxonomy":"product_tag","embeddable":true,"href":"https:\/\/loshaitisescayolevantado.com\/cs\/wp-json\/wp\/v2\/product_tag?post=17361"}],"curies":[{"name":"wp","href":"https:\/\/api.w.org\/{rel}","templated":true}]}}