{"id":15730,"date":"2025-12-18T13:18:50","date_gmt":"2025-12-18T13:18:50","guid":{"rendered":"https:\/\/loshaitisescayolevantado.com\/?post_type=product&#038;p=15730"},"modified":"2026-01-09T05:15:52","modified_gmt":"2026-01-09T05:15:52","slug":"-515","status":"publish","type":"product","link":"https:\/\/loshaitisescayolevantado.com\/cs\/zajezdy\/-515\/","title":{"rendered":"Prohl\u00eddka lod\u00ed Cano Hondo Natural Pools &amp; Los Haitises"},"content":{"rendered":"<p>Visiting Los Haitises National park in small groups to enjoy the essential natural pools in this national park.<\/p>\n<p>lunch will be cook from locals&#8217; cuisine and boat trip to the caves will be unique.<\/p>\n<p>A great natural and cultural mosaic!<\/p>\n<p>The Los Haitises National Park (the name of which means \u201chigh ground\u201d or \u201cmountain\u201d in the language of the ancient Tainos) is one of the Dominican Republic\u2019s most important protected natural landscapes. It covers an area of around 1,600 km2, which forms part of a vast karst system created 50 million years ago, and comprises a rich mosaic of marine and terrestrial ecosystems: estuaries, inlets, bays, keys and mogotes [hummocks] \u2014 the curious, cone-shaped rock formations that are a feature of the area\u2019s landscape \u2014 as well as sinkholes, mangroves, etc. In other words, this is a huge park teeming with natural attractions where you can enjoy unique adventures.<\/p>\n<div class=\"toggle-content__content toggle-content__content--expanded toggle-content__content--packable\" data-v-59485d64=\"\">\n<div data-test-id=\"activity-full-description-text\" data-v-5835c99c=\"\">After Visiting Los Haitises we focus in a Local lunch with free time for Natural Pools in the Hotels Cano hondo.<\/div>\n<\/div>\n<div class=\"toggle-content__label-placeholder\" data-v-59485d64=\"\"><\/div>\n","protected":false},"excerpt":{"rendered":"<div data-track=\"overview\" data-v-83a2b402=\"\">\n<section id=\"activity-overview\" class=\"activity-overview\" data-component=\"overview\" data-v-83a2b402=\"\" data-v-f3236c42=\"\">\n<p class=\"activity-overview__content\" data-test-id=\"activity-overview-content\" data-v-f3236c42=\"\">Prozkoumejte n\u00e1rodn\u00ed park Los Haitises s v\u00fdletem lod\u00ed do jeskyn\u00ed kolem n\u00e1dhern\u00e9 mangrovov\u00e9 vegetace a Skalnat\u00e9ho ostrova! Za\u017eijte jeskyn\u011b Tain\u016f a u\u017eijte si p\u0159\u00edrodn\u00ed jez\u00edrka v Cano Hondo<\/p>\n<\/section>\n<\/div>\n<div data-track=\"key-details\" data-v-83a2b402=\"\"><\/div>","protected":false},"featured_media":14561,"template":"","meta":[],"product_brand":[],"product_cat":[97],"product_tag":[101,102],"class_list":{"0":"post-15730","1":"product","2":"type-product","3":"status-publish","4":"has-post-thumbnail","6":"product_cat-dominican-republic","7":"product_tag-excursion","8":"product_tag-tour","10":"first","11":"instock","12":"shipping-taxable","13":"product-type-external"},"_links":{"self":[{"href":"https:\/\/loshaitisescayolevantado.com\/cs\/wp-json\/wp\/v2\/product\/15730","targetHints":{"allow":["GET"]}}],"collection":[{"href":"https:\/\/loshaitisescayolevantado.com\/cs\/wp-json\/wp\/v2\/product"}],"about":[{"href":"https:\/\/loshaitisescayolevantado.com\/cs\/wp-json\/wp\/v2\/types\/product"}],"wp:featuredmedia":[{"embeddable":true,"href":"https:\/\/loshaitisescayolevantado.com\/cs\/wp-json\/wp\/v2\/media\/14561"}],"wp:attachment":[{"href":"https:\/\/loshaitisescayolevantado.com\/cs\/wp-json\/wp\/v2\/media?parent=15730"}],"wp:term":[{"taxonomy":"product_brand","embeddable":true,"href":"https:\/\/loshaitisescayolevantado.com\/cs\/wp-json\/wp\/v2\/product_brand?post=15730"},{"taxonomy":"product_cat","embeddable":true,"href":"https:\/\/loshaitisescayolevantado.com\/cs\/wp-json\/wp\/v2\/product_cat?post=15730"},{"taxonomy":"product_tag","embeddable":true,"href":"https:\/\/loshaitisescayolevantado.com\/cs\/wp-json\/wp\/v2\/product_tag?post=15730"}],"curies":[{"name":"wp","href":"https:\/\/api.w.org\/{rel}","templated":true}]}}