{"id":13699,"date":"2025-12-18T11:44:21","date_gmt":"2025-12-18T11:44:21","guid":{"rendered":"https:\/\/loshaitisescayolevantado.com\/?post_type=product&#038;p=13699"},"modified":"2026-02-11T11:06:04","modified_gmt":"2026-02-11T11:06:04","slug":"-304","status":"publish","type":"product","link":"https:\/\/loshaitisescayolevantado.com\/cs\/zajezdy\/-304\/","title":{"rendered":"Punta Cana y bayahibe : Ostrov Catalina se \u0161norchlov\u00e1n\u00edm"},"content":{"rendered":"<p><strong>Punta Cana y bayahibe : Ostrov Catalina se \u0161norchlov\u00e1n\u00edm<\/strong><\/p>\n<p>Enjoy a full-day private tour of Catalina Island from Punta Cana. Snorkel in the crystal-clear waters of the Caribbean Sea, relax on the beach, and savor a delicious Dominican-style buffet lunch with barbecue.<\/p>\n<p>Vyzvednut\u00ed z va\u0161eho hotelu a cesta do La Romana, kde nastoup\u00edte na lo\u010f sm\u011br m\u00edsto pot\u00e1p\u011bn\u00ed. Po \u00favodn\u00ed instrukt\u00e1\u017ei se pono\u0159te do vody, abyste obdivovali barevn\u00e9 kor\u00e1lov\u00e9 zahrady i dal\u0161\u00ed rozmanit\u00fd mo\u0159sk\u00fd \u017eivot, co\u017e je pova\u017eov\u00e1no za jedno z nejlep\u0161\u00edch m\u00edst pro pot\u00e1p\u011bn\u00ed v Dominik\u00e1nsk\u00e9 republice.<\/p>\n<div class=\"toggle-content__content toggle-content__content--expanded toggle-content__content--packable\" data-v-59485d64=\"\">\n<div data-test-id=\"activity-full-description-text\" data-v-5835c99c=\"\">Pokra\u010dujte ve sv\u00e9m dobrodru\u017estv\u00ed s vynikaj\u00edc\u00edm ob\u011bdem formou bufetu v dominik\u00e1nsk\u00e9m stylu s barbecue a vyu\u017eijte otev\u0159en\u00fd bar. U\u017eijte si pl\u00e1\u017e a k\u0159i\u0161\u0165\u00e1lov\u011b \u010distou vodu ostrova Catalina.<\/div>\n<\/div>\n<div class=\"toggle-content__label-placeholder\" data-v-59485d64=\"\">Indulge in a full-day private excursion to Catalina Island from Punta Cana, where you&#8217;ll be treated to an array of unforgettable experiences. Your adventure begins with a convenient hotel pickup, followed by a scenic journey to La Romana, where you&#8217;ll board a boat to reach the prime snorkeling location. Upon arrival, a comprehensive orientation briefing will prepare you to immerse yourself in the mesmerizing underwater world. Dive into the crystal-clear Caribbean Sea and marvel at the vibrant coral reef gardens and the diverse marine life that call this area home. This snorkeling spot is renowned as one of the finest in the Dominican Republic, offering an unparalleled opportunity to witness the beauty of the underwater ecosystem.<\/div>\n<div class=\"toggle-content__label-placeholder\" data-v-59485d64=\"\"><\/div>\n<div class=\"toggle-content__label-placeholder\" data-v-59485d64=\"\">Following your exhilarating snorkeling session, delight in a mouthwatering Dominican-style buffet lunch complete with a sizzling barbecue. The open bar further enhances your culinary experience, allowing you to savor refreshing beverages as you soak up the island vibes. With your appetite satisfied, take the time to unwind on the pristine beach and relish the serene atmosphere. The crystal-clear waters beckon for a refreshing swim, providing the perfect opportunity to bask in the natural beauty of Catalina Island.<\/div>\n<div class=\"toggle-content__label-placeholder\" data-v-59485d64=\"\"><\/div>\n<div class=\"toggle-content__label-placeholder\" data-v-59485d64=\"\">This comprehensive excursion promises a perfect blend of adventure, relaxation, and culinary delights, ensuring an unforgettable day in this Caribbean paradise.<\/div>","protected":false},"excerpt":{"rendered":"<div data-track=\"overview\" data-v-83a2b402=\"\">\n<section id=\"activity-overview\" class=\"activity-overview\" data-component=\"overview\" data-v-83a2b402=\"\" data-v-f3236c42=\"\">\n<p class=\"activity-overview__content\" data-test-id=\"activity-overview-content\" data-v-f3236c42=\"\">Vydejte se z Punta Cany na soukrom\u00fd celodenn\u00ed v\u00fdlet na ostrov Catalina. \u0160norchlujte v k\u0159i\u0161\u0165\u00e1lov\u011b \u010dist\u00fdch vod\u00e1ch, relaxujte na pl\u00e1\u017ei a vychutnejte si vynikaj\u00edc\u00ed ob\u011bd formou bufetu s grilov\u00e1n\u00edm v dominik\u00e1nsk\u00e9m stylu.<\/p>\n<\/section>\n<\/div>\n<div data-track=\"key-details\" data-v-83a2b402=\"\"><\/div>","protected":false},"featured_media":13971,"template":"","meta":[],"product_brand":[],"product_cat":[97],"product_tag":[101,102],"class_list":{"0":"post-13699","1":"product","2":"type-product","3":"status-publish","4":"has-post-thumbnail","6":"product_cat-dominican-republic","7":"product_tag-excursion","8":"product_tag-tour","10":"first","11":"instock","12":"shipping-taxable","13":"product-type-external"},"_links":{"self":[{"href":"https:\/\/loshaitisescayolevantado.com\/cs\/wp-json\/wp\/v2\/product\/13699","targetHints":{"allow":["GET"]}}],"collection":[{"href":"https:\/\/loshaitisescayolevantado.com\/cs\/wp-json\/wp\/v2\/product"}],"about":[{"href":"https:\/\/loshaitisescayolevantado.com\/cs\/wp-json\/wp\/v2\/types\/product"}],"wp:featuredmedia":[{"embeddable":true,"href":"https:\/\/loshaitisescayolevantado.com\/cs\/wp-json\/wp\/v2\/media\/13971"}],"wp:attachment":[{"href":"https:\/\/loshaitisescayolevantado.com\/cs\/wp-json\/wp\/v2\/media?parent=13699"}],"wp:term":[{"taxonomy":"product_brand","embeddable":true,"href":"https:\/\/loshaitisescayolevantado.com\/cs\/wp-json\/wp\/v2\/product_brand?post=13699"},{"taxonomy":"product_cat","embeddable":true,"href":"https:\/\/loshaitisescayolevantado.com\/cs\/wp-json\/wp\/v2\/product_cat?post=13699"},{"taxonomy":"product_tag","embeddable":true,"href":"https:\/\/loshaitisescayolevantado.com\/cs\/wp-json\/wp\/v2\/product_tag?post=13699"}],"curies":[{"name":"wp","href":"https:\/\/api.w.org\/{rel}","templated":true}]}}