{"id":13131,"date":"2025-12-18T11:20:28","date_gmt":"2025-12-18T11:20:28","guid":{"rendered":"https:\/\/loshaitisescayolevantado.com\/?post_type=product&#038;p=13131"},"modified":"2026-02-11T04:44:51","modified_gmt":"2026-02-11T04:44:51","slug":"-236","status":"publish","type":"product","link":"https:\/\/loshaitisescayolevantado.com\/cs\/tours\/-236\/","title":{"rendered":"Z Punta Cany: Zip Line Canopy Adventure Tour s vyzvednut\u00edm"},"content":{"rendered":"<section class=\"full-description activity-experience__item\" data-test-id=\"activity-full-description\" data-v-2760aec9=\"\" data-v-5835c99c=\"\">\n<div class=\"activity-accordion-item\" data-v-5835c99c=\"\">\n<div class=\"activity-accordion-item__content--hidden activity-accordion-item__content\">\n<section class=\"toggle-content\" data-v-5835c99c=\"\" data-v-59485d64=\"\">\n<div class=\"toggle-content__content\" data-v-59485d64=\"\">\n<div data-test-id=\"activity-full-description-text\" data-v-5835c99c=\"\">For the ultimate adventure in Punta Cana, try our 12-line zip line course! Our mountain course also has 18 platforms and is home to the two longest lines in the Dominican Republic and in the Caribbean. You\u2019re safely attached with climbing gear to the double line cables with the longest one being 800 meters long!<\/div>\n<\/div>\n<\/section>\n<\/div>\n<\/div>\n<\/section>\n<section class=\"activity-includes activity-experience__item\" data-test-id=\"activity-includes-section\" data-v-2760aec9=\"\" data-v-7976cbc6=\"\">\n<div class=\"activity-accordion-item\" data-v-7976cbc6=\"\">\n<div class=\"activity-accordion-item-header\"><\/div>\n<\/div>\n<\/section>","protected":false},"excerpt":{"rendered":"<div data-track=\"overview\" data-v-83a2b402=\"\">\n<section id=\"activity-overview\" class=\"activity-overview\" data-component=\"overview\" data-v-83a2b402=\"\" data-v-f3236c42=\"\">\n<p class=\"activity-overview__content\" data-test-id=\"activity-overview-content\" data-v-f3236c42=\"\">Vychutnejte si vzru\u0161uj\u00edc\u00ed j\u00edzdu na nejdel\u0161\u00edm zipov\u00e9m lan\u011b v Dominik\u00e1nsk\u00e9 republice. Vydejte se na 12-ti lanovou dr\u00e1hu s p\u0159idan\u00fdm lanem vedle sebe, \u00fa\u017easn\u00fdm v\u00fdhledem na ter\u00e9n a vyzvednut\u00edm v hotelu.<\/p>\n<\/section>\n<\/div>\n<div data-track=\"key-details\" data-v-83a2b402=\"\"><\/div>","protected":false},"featured_media":13350,"template":"","meta":[],"product_brand":[],"product_cat":[97],"product_tag":[101,102],"class_list":{"0":"post-13131","1":"product","2":"type-product","3":"status-publish","4":"has-post-thumbnail","6":"product_cat-dominican-republic","7":"product_tag-excursion","8":"product_tag-tour","10":"first","11":"instock","12":"shipping-taxable","13":"product-type-external"},"_links":{"self":[{"href":"https:\/\/loshaitisescayolevantado.com\/cs\/wp-json\/wp\/v2\/product\/13131","targetHints":{"allow":["GET"]}}],"collection":[{"href":"https:\/\/loshaitisescayolevantado.com\/cs\/wp-json\/wp\/v2\/product"}],"about":[{"href":"https:\/\/loshaitisescayolevantado.com\/cs\/wp-json\/wp\/v2\/types\/product"}],"wp:featuredmedia":[{"embeddable":true,"href":"https:\/\/loshaitisescayolevantado.com\/cs\/wp-json\/wp\/v2\/media\/13350"}],"wp:attachment":[{"href":"https:\/\/loshaitisescayolevantado.com\/cs\/wp-json\/wp\/v2\/media?parent=13131"}],"wp:term":[{"taxonomy":"product_brand","embeddable":true,"href":"https:\/\/loshaitisescayolevantado.com\/cs\/wp-json\/wp\/v2\/product_brand?post=13131"},{"taxonomy":"product_cat","embeddable":true,"href":"https:\/\/loshaitisescayolevantado.com\/cs\/wp-json\/wp\/v2\/product_cat?post=13131"},{"taxonomy":"product_tag","embeddable":true,"href":"https:\/\/loshaitisescayolevantado.com\/cs\/wp-json\/wp\/v2\/product_tag?post=13131"}],"curies":[{"name":"wp","href":"https:\/\/api.w.org\/{rel}","templated":true}]}}