{"id":12959,"date":"2025-12-18T11:13:19","date_gmt":"2025-12-18T11:13:19","guid":{"rendered":"https:\/\/loshaitisescayolevantado.com\/?post_type=product&#038;p=12959"},"modified":"2026-02-11T03:59:09","modified_gmt":"2026-02-11T03:59:09","slug":"-219","status":"publish","type":"product","link":"https:\/\/loshaitisescayolevantado.com\/cs\/tours\/-219\/","title":{"rendered":"Saman\u00e1 Cayo Levantado a Cascada El Lim\u00f3n Z Punta Cana"},"content":{"rendered":"<p>Po vyzvednut\u00ed z Va\u0161eho hotelu v Santo Domingu nebo Punta Cana v 6:00 r\u00e1no pojedeme do p\u0159\u00edstavu Saman\u00e1, nalod\u00edme se na katamar\u00e1n a nasad\u00edme si z\u00e1chrannou vestu, abychom vstoupili do z\u00e1livu Saman\u00e1.<\/p>\n<p>B\u011bhem cesty si u\u017eijeme jeden z nejnap\u00ednav\u011bj\u0161\u00edch z\u00e1\u017eitk\u016f, kter\u00e9 sever Dominik\u00e1nsk\u00e9 republiky m\u016f\u017ee nab\u00eddnout. H\u00e1d\u00e1te spr\u00e1vn\u011b? Pozorov\u00e1n\u00ed velryb! Zastav\u00edme se uprost\u0159ed mo\u0159e a budeme \u010dekat, a\u017e hrbat\u00ed velryby vyplavou na povrch.<\/p>\n<p>V\u00edte, pro\u010d je tento kout Karibiku jedn\u00edm z ide\u00e1ln\u00edch m\u00edst pro tuto aktivitu? Ka\u017ed\u00fd rok, mezi lednem a b\u0159eznem, se v t\u011bchto tepl\u00fdch vod\u00e1ch rozmno\u017euje asi 3 000 keporkak\u016f. Z\u016fstanete beze slova!<\/p>\n<p>D\u00e1le budeme pokra\u010dovat po trase sm\u011b\u0159uj\u00edc\u00ed na Cayo Levantado, mal\u00fd ostr\u016fvek, kter\u00fd vypad\u00e1 jako vyst\u0159i\u017een\u00fd ze sna. Jakmile tam doraz\u00edme, vystoup\u00edme a nech\u00e1me v\u00e1m p\u011bt hodin voln\u00e9ho \u010dasu na odpo\u010dinek na jedn\u00e9 z jeho rajsk\u00fdch pl\u00e1\u017e\u00ed. K\u0159i\u0161\u0165\u00e1lov\u011b \u010dist\u00e1 voda, b\u00edl\u00fd p\u00edsek, co v\u00edc si p\u0159\u00e1t?<\/p>\n<p>A po po\u017eitku z ob\u011bda formou bufetu na pl\u00e1\u017ei se vr\u00e1t\u00edme na katamar\u00e1n. Na m\u00edsto vyplut\u00ed se vr\u00e1t\u00edme mezi 17:45 a 18:00.<\/p>","protected":false},"excerpt":{"rendered":"<div data-track=\"overview\" data-v-83a2b402=\"\">\n<section id=\"activity-overview\" class=\"activity-overview\" data-component=\"overview\" data-v-83a2b402=\"\" data-v-f3236c42=\"\">\n<p class=\"activity-overview__content\" data-test-id=\"activity-overview-content\" data-v-f3236c42=\"\">Pozorov\u00e1n\u00ed keporkak\u016f je jednou z hlavn\u00edch turistick\u00fdch atrakc\u00ed Saman\u00e1. Nyn\u00ed si ji m\u016f\u017eete prohl\u00e9dnout na tomto v\u00fdletu a odpo\u010dinout si na pl\u00e1\u017e\u00edch Cayo Levantado.<\/p>\n<\/section>\n<\/div>\n<div data-track=\"key-details\" data-v-83a2b402=\"\"><\/div>","protected":false},"featured_media":13202,"template":"","meta":[],"product_brand":[],"product_cat":[97],"product_tag":[101,102],"class_list":{"0":"post-12959","1":"product","2":"type-product","3":"status-publish","4":"has-post-thumbnail","6":"product_cat-dominican-republic","7":"product_tag-excursion","8":"product_tag-tour","10":"first","11":"instock","12":"shipping-taxable","13":"product-type-external"},"_links":{"self":[{"href":"https:\/\/loshaitisescayolevantado.com\/cs\/wp-json\/wp\/v2\/product\/12959","targetHints":{"allow":["GET"]}}],"collection":[{"href":"https:\/\/loshaitisescayolevantado.com\/cs\/wp-json\/wp\/v2\/product"}],"about":[{"href":"https:\/\/loshaitisescayolevantado.com\/cs\/wp-json\/wp\/v2\/types\/product"}],"wp:featuredmedia":[{"embeddable":true,"href":"https:\/\/loshaitisescayolevantado.com\/cs\/wp-json\/wp\/v2\/media\/13202"}],"wp:attachment":[{"href":"https:\/\/loshaitisescayolevantado.com\/cs\/wp-json\/wp\/v2\/media?parent=12959"}],"wp:term":[{"taxonomy":"product_brand","embeddable":true,"href":"https:\/\/loshaitisescayolevantado.com\/cs\/wp-json\/wp\/v2\/product_brand?post=12959"},{"taxonomy":"product_cat","embeddable":true,"href":"https:\/\/loshaitisescayolevantado.com\/cs\/wp-json\/wp\/v2\/product_cat?post=12959"},{"taxonomy":"product_tag","embeddable":true,"href":"https:\/\/loshaitisescayolevantado.com\/cs\/wp-json\/wp\/v2\/product_tag?post=12959"}],"curies":[{"name":"wp","href":"https:\/\/api.w.org\/{rel}","templated":true}]}}