{"id":11263,"date":"2025-12-18T10:06:05","date_gmt":"2025-12-18T10:06:05","guid":{"rendered":"https:\/\/loshaitisescayolevantado.com\/?post_type=product&#038;p=11263"},"modified":"2026-01-05T17:05:40","modified_gmt":"2026-01-05T17:05:40","slug":"-74","status":"publish","type":"product","link":"https:\/\/loshaitisescayolevantado.com\/cs\/tours\/-74\/","title":{"rendered":"Punta Cana: Canta Punta: Los Haitises Hike &amp; Kayaking Mangroves"},"content":{"rendered":"<h2>Punta Cana: T\u00fara po Los Haitises a kajakov\u00e1n\u00ed v mangrovov\u00fdch porostech<\/h2>\n<p>Tato turistick\u00e1 stezka + v\u00fdlet na kajaku za\u010d\u00edn\u00e1 z Punta Cana s transferem z hotel\u016f. Pot\u00e9 doraz\u00edme do parku, kde budeme asi 2 hodiny p\u011b\u0161ky proch\u00e1zet vlhk\u00fdm lesem v N\u00e1rodn\u00edm parku Los Haitises. Dozv\u00edte se o l\u00e9\u010div\u00fdch rostlin\u00e1ch t\u00e9to oblasti, uvid\u00edte \u0161irokolist\u00fd les, prim\u00e1rn\u00ed a sekund\u00e1rn\u00ed hory N\u00e1rodn\u00edho parku Los Haitises.<\/p>\n<p>Pot\u00e9 si vezmeme vybaven\u00ed nezbytn\u00e9 pro va\u0161i bezpe\u010dnost (z\u00e1chrann\u00e9 vesty atd.), kajaky a proplujeme mangrovov\u00fdmi porosty. Uvid\u00edte mangrovy pln\u00e9 ptactva, zvln\u011bn\u00e9 kopce bujn\u00e9 vegetace. Proplujete mangrovy a p\u0159istanete v otev\u0159en\u00e9m z\u00e1livu San Lorenzo, odkud m\u016f\u017eete fotografovat drsnou lesn\u00ed krajinu.<\/p>\n<p>Ob\u011bd s m\u00edstn\u00edmi, abyste se mohli vr\u00e1tit do hotelu v Punta Cana<\/p>","protected":false},"excerpt":{"rendered":"<div data-track=\"overview\" data-v-83a2b402=\"\">\n<section id=\"activity-overview\" class=\"activity-overview\" data-component=\"overview\" data-v-83a2b402=\"\" data-v-f3236c42=\"\">\n<p class=\"activity-overview__content\" data-test-id=\"activity-overview-content\" data-v-f3236c42=\"\">Prozkoumejte Los Haitises z Punta Cany. Pohodln\u00e1 autobusov\u00e1 doprava, j\u00edzda na kajaku v Los Haitises a p\u011b\u0161\u00ed turistika v de\u0161tn\u00e9m pralese v r\u00e1mci jednodenn\u00edho v\u00fdletu!!<\/p>\n<\/section>\n<\/div>\n<div data-track=\"key-details\" data-v-83a2b402=\"\"><\/div>","protected":false},"featured_media":11555,"template":"","meta":[],"product_brand":[],"product_cat":[97],"product_tag":[101,102],"class_list":{"0":"post-11263","1":"product","2":"type-product","3":"status-publish","4":"has-post-thumbnail","6":"product_cat-dominican-republic","7":"product_tag-excursion","8":"product_tag-tour","10":"first","11":"instock","12":"sale","13":"shipping-taxable","14":"product-type-external"},"_links":{"self":[{"href":"https:\/\/loshaitisescayolevantado.com\/cs\/wp-json\/wp\/v2\/product\/11263","targetHints":{"allow":["GET"]}}],"collection":[{"href":"https:\/\/loshaitisescayolevantado.com\/cs\/wp-json\/wp\/v2\/product"}],"about":[{"href":"https:\/\/loshaitisescayolevantado.com\/cs\/wp-json\/wp\/v2\/types\/product"}],"wp:featuredmedia":[{"embeddable":true,"href":"https:\/\/loshaitisescayolevantado.com\/cs\/wp-json\/wp\/v2\/media\/11555"}],"wp:attachment":[{"href":"https:\/\/loshaitisescayolevantado.com\/cs\/wp-json\/wp\/v2\/media?parent=11263"}],"wp:term":[{"taxonomy":"product_brand","embeddable":true,"href":"https:\/\/loshaitisescayolevantado.com\/cs\/wp-json\/wp\/v2\/product_brand?post=11263"},{"taxonomy":"product_cat","embeddable":true,"href":"https:\/\/loshaitisescayolevantado.com\/cs\/wp-json\/wp\/v2\/product_cat?post=11263"},{"taxonomy":"product_tag","embeddable":true,"href":"https:\/\/loshaitisescayolevantado.com\/cs\/wp-json\/wp\/v2\/product_tag?post=11263"}],"curies":[{"name":"wp","href":"https:\/\/api.w.org\/{rel}","templated":true}]}}