{"id":11146,"date":"2025-12-18T10:01:08","date_gmt":"2025-12-18T10:01:08","guid":{"rendered":"https:\/\/loshaitisescayolevantado.com\/?post_type=product&#038;p=11146"},"modified":"2026-01-05T16:48:16","modified_gmt":"2026-01-05T16:48:16","slug":"-63","status":"publish","type":"product","link":"https:\/\/loshaitisescayolevantado.com\/cs\/tours\/-63\/","title":{"rendered":"P\u016fldenn\u00ed soukrom\u00e1 prohl\u00eddka m\u011bsta Puerto Plata"},"content":{"rendered":"<h4 class=\"product_title entry-title\">P\u016fldenn\u00ed soukrom\u00e1 prohl\u00eddka m\u011bsta Puerto Plata<\/h4>\n<p>1. Macorix House of Rum, Tato zast\u00e1vka trv\u00e1 asi 30 minut Zde uvid\u00edme, jak se vyr\u00e1b\u00ed rum, hlavn\u00ed v\u00fdvozn\u00ed produkt Dominik\u00e1nsk\u00e9 republiky. Host\u00e9 uvid\u00ed na vlastn\u00ed o\u010di, jak se vyr\u00e1b\u011bj\u00ed a st\u00e1\u010dej\u00ed r\u016fzn\u00e9 druhy rumu.<\/p>\n<p>2. Parque Central Independencia, Tato zast\u00e1vka trv\u00e1 asi 30 minut Zde nav\u0161t\u00edv\u00edme slavn\u00fd centr\u00e1ln\u00ed park a starou katedr\u00e1lu San Felipe postavenou p\u0159ed rokem 1863. Centr\u00e1ln\u00ed park v Puerto Plata se stal ide\u00e1ln\u00edm m\u00edstem, kde se m\u016f\u017eete pln\u011b pono\u0159it do dominik\u00e1nsk\u00e9 kultury a zvyk\u016f, proto\u017ee park je jednou z nej\u017eiv\u011bj\u0161\u00edch a nejz\u00e1bavn\u011bj\u0161\u00edch oblast\u00ed m\u011bsta.<\/p>\n<p>3. \u010cokol\u00e1dovna Del Oro, Tato zast\u00e1vka trv\u00e1 asi 30 minut Zde uvid\u00edme, jak se \u010dokol\u00e1da vyr\u00e1b\u00ed od kakaovn\u00edku a\u017e po kone\u010dn\u00fd produkt - lahodnou sladkou \u010dokol\u00e1du. Host\u00e9 tak\u00e9 ochutnaj\u00ed v\u0161echny r\u016fzn\u00e9 formy \u010dokol\u00e1dy, ovoce, su\u0161en\u00e1 sem\u00ednka, m\u00e1slo a nakonec r\u016fzn\u00e9 druhy \u010dokol\u00e1dy.<\/p>\n<p>4. Fortaleza San Felipe, Tato zast\u00e1vka trv\u00e1 asi 30 minut Tato star\u00e1 pevnost byla postavena v roce 1577 a byla m\u00edstem, kde prvn\u00ed koloniz\u00e1to\u0159i Dominik\u00e1nsk\u00e9 republiky v\u011bznili mnoho bojovn\u00edk\u016f za nez\u00e1vislost DR.<\/p>\n<p>5. Hora Isabel de Torres, Tato zast\u00e1vka trv\u00e1 asi 1 hodinu a 30 minut.Zde se vyvezete lanovkou na 20. nejvy\u0161\u0161\u00ed vrchol Dominik\u00e1nsk\u00e9 republiky. Uvid\u00edte kr\u00e1sn\u00e9 st\u0159\u00edbrn\u00e9 pob\u0159e\u017e\u00ed Puerto Plata a na vrcholu hory si budete moci prohl\u00e9dnout botanick\u00e9 zahrady, malebn\u00e9 kulisy a slavnou sochu Je\u017e\u00ed\u0161e s \u0161iroce rozev\u0159enou n\u00e1ru\u010d\u00ed.<\/p>\n<p>6. Paseo de Dona Blanca, Tato zast\u00e1vka trv\u00e1 asi 20 minut Paseo Dona Blanca v Puerto Plata je jedine\u010dn\u00e1 uli\u010dka, kter\u00e1 vznikla na pam\u00e1tku p\u0159\u00edjezdu pan\u00ed Bianky Franceschini, pr\u016fkopnice rozvoje ran\u00e9ho turistick\u00e9ho pr\u016fmyslu v Puerto Plata na konci 18. stolet\u00ed. Tato uli\u010dka ve viktori\u00e1nsk\u00e9m stylu je cel\u00e1 vymalovan\u00e1 r\u016f\u017eovou barvou, v\u010detn\u011b st\u011bn, podlahy, dekorativn\u00edch prvk\u016f, lavi\u010dek a kv\u011btin; je skv\u011blou kulisou pro fotografov\u00e1n\u00ed, kter\u00e1 nyn\u00ed l\u00e1k\u00e1 k po\u0159\u00e1d\u00e1n\u00ed svateb, narozeninov\u00fdch a jin\u00fdch focen\u00ed.<\/p>\n<p>7. De\u0161tn\u00edkov\u00e1 ulice, tato zast\u00e1vka trv\u00e1 asi 20 minut Paseo Dona Blanca v Puerto Plata je jedine\u010dn\u00e1 uli\u010dka, kter\u00e1 vznikla na pam\u00e1tku p\u0159\u00edchodu pan\u00ed Bianky Franceschini, pr\u016fkopnice rozvoje ran\u00e9ho turistick\u00e9ho pr\u016fmyslu v Puerto Plata na konci 18. stolet\u00ed. Tato uli\u010dka ve viktori\u00e1nsk\u00e9m stylu je cel\u00e1 vymalovan\u00e1 r\u016f\u017eovou barvou, v\u010detn\u011b st\u011bn, podlahy, dekorativn\u00edch prvk\u016f, lavi\u010dek a kv\u011btin; je skv\u011blou kulisou pro fotografov\u00e1n\u00ed, kter\u00e1 nyn\u00ed l\u00e1k\u00e1 k po\u0159\u00e1d\u00e1n\u00ed svateb, narozeninov\u00fdch a jin\u00fdch focen\u00ed.<\/p>\n<p>8. Dominik\u00e1nsk\u00e9 muzeum jantaru, Tato zast\u00e1vka trv\u00e1 asi 20 minut Dominik\u00e1nsk\u00e9 muzeum jantaru se nach\u00e1z\u00ed v centru m\u011bsta Puerto Plata, v dom\u011b ve viktori\u00e1nsk\u00e9m stylu, kde jsou v n\u011bkolika patrech vystaveny n\u011bkter\u00e9 z nejp\u016fsobiv\u011bj\u0161\u00edch kamen\u016f dominik\u00e1nsk\u00e9ho jantaru, v\u010detn\u011b vzork\u016f obsahuj\u00edc\u00edch zkamen\u011bliny zv\u00ed\u0159at.<\/p>","protected":false},"excerpt":{"rendered":"<div data-track=\"overview\" data-v-83a2b402=\"\">\n<section id=\"activity-overview\" class=\"activity-overview\" data-component=\"overview\" data-v-83a2b402=\"\" data-v-f3236c42=\"\">\n<p class=\"activity-overview__content\" data-test-id=\"activity-overview-content\" data-v-f3236c42=\"\">Poznejte \u017eivou kulturu a bohatou historii Puerto Plata b\u011bhem soukrom\u00e9 prohl\u00eddky m\u011bsta, kter\u00e1 nab\u00edz\u00ed exkluzivn\u00ed a individu\u00e1ln\u00ed pozn\u00e1v\u00e1n\u00ed t\u00e9to \u00fachvatn\u00e9 destinace.<\/p>\n<\/section>\n<\/div>\n<div data-track=\"key-details\" data-v-83a2b402=\"\"><\/div>","protected":false},"featured_media":11393,"template":"","meta":[],"product_brand":[],"product_cat":[97],"product_tag":[101,102],"class_list":{"0":"post-11146","1":"product","2":"type-product","3":"status-publish","4":"has-post-thumbnail","6":"product_cat-dominican-republic","7":"product_tag-excursion","8":"product_tag-tour","10":"first","11":"instock","12":"sale","13":"shipping-taxable","14":"product-type-external"},"_links":{"self":[{"href":"https:\/\/loshaitisescayolevantado.com\/cs\/wp-json\/wp\/v2\/product\/11146","targetHints":{"allow":["GET"]}}],"collection":[{"href":"https:\/\/loshaitisescayolevantado.com\/cs\/wp-json\/wp\/v2\/product"}],"about":[{"href":"https:\/\/loshaitisescayolevantado.com\/cs\/wp-json\/wp\/v2\/types\/product"}],"wp:featuredmedia":[{"embeddable":true,"href":"https:\/\/loshaitisescayolevantado.com\/cs\/wp-json\/wp\/v2\/media\/11393"}],"wp:attachment":[{"href":"https:\/\/loshaitisescayolevantado.com\/cs\/wp-json\/wp\/v2\/media?parent=11146"}],"wp:term":[{"taxonomy":"product_brand","embeddable":true,"href":"https:\/\/loshaitisescayolevantado.com\/cs\/wp-json\/wp\/v2\/product_brand?post=11146"},{"taxonomy":"product_cat","embeddable":true,"href":"https:\/\/loshaitisescayolevantado.com\/cs\/wp-json\/wp\/v2\/product_cat?post=11146"},{"taxonomy":"product_tag","embeddable":true,"href":"https:\/\/loshaitisescayolevantado.com\/cs\/wp-json\/wp\/v2\/product_tag?post=11146"}],"curies":[{"name":"wp","href":"https:\/\/api.w.org\/{rel}","templated":true}]}}