{"id":10667,"date":"2025-12-18T09:42:47","date_gmt":"2025-12-18T09:42:47","guid":{"rendered":"https:\/\/loshaitisescayolevantado.com\/?post_type=product&#038;p=10667"},"modified":"2026-01-05T15:57:37","modified_gmt":"2026-01-05T15:57:37","slug":"-24","status":"publish","type":"product","link":"https:\/\/loshaitisescayolevantado.com\/cs\/tours\/-24\/","title":{"rendered":"Scuba Doo - Pot\u00e1p\u011b\u010dsk\u00e9 sk\u00fatry v Punta Can\u011b"},"content":{"rendered":"<p><strong>Scuba Doo - Pot\u00e1p\u011b\u010dsk\u00e9 sk\u00fatry v Punta Can\u011b<\/strong><\/p>\n<p>Za\u010dn\u011bte sv\u00e9 dobrodru\u017estv\u00ed kr\u00e1tk\u00fdm sezn\u00e1men\u00edm s pot\u00e1p\u011b\u010dsk\u00fdmi sk\u00fatry Scuba Doo. Tato inovativn\u00ed podvodn\u00ed vozidla v\u00e1m umo\u017en\u00ed prozkoumat hlubiny oce\u00e1nu, ani\u017e byste pot\u0159ebovali tradi\u010dn\u00ed pot\u00e1p\u011b\u010dskou v\u00fdstroj. D\u00edky pohodln\u00e9mu sedadlu, pr\u016fhledn\u00e9 pozorovac\u00ed kopuli a snadno pou\u017eiteln\u00e9mu ovl\u00e1d\u00e1n\u00ed poskytuj\u00ed sk\u00fatry Scuba Doo jedine\u010dn\u00fd a bezprobl\u00e9mov\u00fd z\u00e1\u017eitek pod vodou.<\/p>\n<p>J\u00edzda lod\u00ed na m\u00edsto pot\u00e1p\u011bn\u00ed<\/p>\n<p>Nalo\u010fte se na pohodlnou lo\u010f a vydejte se na vyhl\u00eddkovou plavbu k m\u00edstu pot\u00e1p\u011bn\u00ed. Vychutnejte si kr\u00e1sn\u00e9 v\u00fdhledy na pob\u0159e\u017e\u00ed a osv\u011b\u017euj\u00edc\u00ed mo\u0159sk\u00fd v\u00e1nek, zat\u00edmco budete sm\u011b\u0159ovat ke k\u0159i\u0161\u0165\u00e1lov\u011b \u010dist\u00fdm vod\u00e1m, kde za\u010dne va\u0161e podmo\u0159sk\u00e9 dobrodru\u017estv\u00ed.<\/p>\n<p>Pot\u00e1p\u011b\u010dsk\u00e9 zku\u0161enosti Scuba Doo<\/p>\n<p>Po p\u0159\u00edjezdu na m\u00edsto pot\u00e1p\u011bn\u00ed obdr\u017e\u00edte bezpe\u010dnostn\u00ed instrukt\u00e1\u017e a pokyny k ovl\u00e1d\u00e1n\u00ed sk\u00fatr\u016f Scuba Doo. Jakmile budete p\u0159ipraveni, sestupte do vody a za\u010dn\u011bte s podmo\u0159sk\u00fdm pr\u016fzkumem. Sk\u00fatry v\u00e1m umo\u017en\u00ed bez n\u00e1mahy klouzat vodou a zbl\u00edzka si prohl\u00e9dnout n\u00e1dhern\u00e9 kor\u00e1lov\u00e9 \u00fatesy a rozmanit\u00fd mo\u0159sk\u00fd \u017eivot.<\/p>\n<p>Prozkoumejte kor\u00e1lov\u00e9 \u00fatesy<\/p>\n<p>Projd\u011bte si \u017eiv\u00e9 kor\u00e1lov\u00e9 \u00fatesy, kde \u017eije \u0159ada tropick\u00fdch ryb, mo\u0159sk\u00fdch \u017eelv a dal\u0161\u00edch fascinuj\u00edc\u00edch mo\u0159sk\u00fdch \u017eivo\u010dich\u016f. Pr\u016fhledn\u00e1 kopule sk\u00fatru Scuba Doo nab\u00edz\u00ed ni\u010d\u00edm neru\u0161en\u00fd v\u00fdhled na podmo\u0159sk\u00fd sv\u011bt a umo\u017en\u00ed v\u00e1m pln\u011b se pono\u0159it do kr\u00e1sy mo\u0159sk\u00e9ho prost\u0159ed\u00ed.<\/p>\n<p>Povrchov\u00fd interval a relaxace<\/p>\n<p>Po pot\u00e1p\u011bn\u00ed si na lodi ud\u011blejte p\u0159est\u00e1vku a vychutnejte si ob\u010derstven\u00ed. B\u011bhem p\u0159est\u00e1vky na hladin\u011b si m\u016f\u017eete odpo\u010dinout na slunci, zaplavat si v tepl\u00e9 vod\u011b nebo se prost\u011b jen kochat n\u00e1dhern\u00fdm v\u00fdhledem na oce\u00e1n.<\/p>\n<p>\u0160norchlov\u00e1n\u00ed<\/p>\n<p>Pro ty, kte\u0159\u00ed cht\u011bj\u00ed prozkoumat v\u00edce, je sou\u010d\u00e1st\u00ed exkurze druh\u00e9 pot\u00e1p\u011bn\u00ed. Pono\u0159te se hloub\u011bji do podmo\u0159sk\u00e9ho sv\u011bta a objevte nov\u00e9 oblasti \u00fatesu, kde se setk\u00e1te s je\u0161t\u011b v\u011bt\u0161\u00edm mno\u017estv\u00edm mo\u0159sk\u00e9ho \u017eivota a podmo\u0159sk\u00fdch div\u016f.<\/p>\n<p>Zp\u00e1te\u010dn\u00ed cesta<\/p>\n<p>Na konci dne se nalod\u00edte na lo\u010f a vr\u00e1t\u00edte se do Punta Cany. Zamyslete se nad neuv\u011b\u0159iteln\u00fdmi v\u00fdhledy a z\u00e1\u017eitky, kter\u00e9 jste b\u011bhem sv\u00e9ho podmo\u0159sk\u00e9ho dobrodru\u017estv\u00ed za\u017eili. Zp\u00e1te\u010dn\u00ed plavba lod\u00ed je relaxa\u010dn\u00edm zakon\u010den\u00edm va\u0161eho dne.<\/p>\n<p>Jedine\u010dn\u00e9 podmo\u0159sk\u00e9 dobrodru\u017estv\u00ed<\/p>\n<p>Pot\u00e1p\u011b\u010dsk\u00fd sk\u00fatr Scuba Doo nab\u00edz\u00ed z\u00e1bavn\u00fd a dostupn\u00fd zp\u016fsob, jak prozkoumat podmo\u0159sk\u00fd sv\u011bt Punta Cany. A\u0165 u\u017e jste zku\u0161en\u00fd pot\u00e1p\u011b\u010d nebo nov\u00e1\u010dek, tento v\u00fdlet slibuje nezapomenuteln\u00e9 dobrodru\u017estv\u00ed pod vlnami.<\/p>","protected":false},"excerpt":{"rendered":"<div data-track=\"overview\" data-v-83a2b402=\"\">\n<section id=\"activity-overview\" class=\"activity-overview\" data-component=\"overview\" data-v-83a2b402=\"\" data-v-f3236c42=\"\">\n<p class=\"activity-overview__content\" data-test-id=\"activity-overview-content\" data-v-f3236c42=\"\">Objevte podmo\u0159sk\u00e9 kr\u00e1sy Punta Cany s jedine\u010dn\u00fdm a vzru\u0161uj\u00edc\u00edm z\u00e1\u017eitkem na pot\u00e1p\u011b\u010dsk\u00e9m sk\u00fatru Scuba Doo.<\/p>\n<\/section>\n<\/div>\n<div data-track=\"key-details\" data-v-83a2b402=\"\"><\/div>","protected":false},"featured_media":10963,"template":"","meta":[],"product_brand":[],"product_cat":[97],"product_tag":[101,102],"class_list":{"0":"post-10667","1":"product","2":"type-product","3":"status-publish","4":"has-post-thumbnail","6":"product_cat-dominican-republic","7":"product_tag-excursion","8":"product_tag-tour","10":"first","11":"instock","12":"sale","13":"shipping-taxable","14":"product-type-external"},"_links":{"self":[{"href":"https:\/\/loshaitisescayolevantado.com\/cs\/wp-json\/wp\/v2\/product\/10667","targetHints":{"allow":["GET"]}}],"collection":[{"href":"https:\/\/loshaitisescayolevantado.com\/cs\/wp-json\/wp\/v2\/product"}],"about":[{"href":"https:\/\/loshaitisescayolevantado.com\/cs\/wp-json\/wp\/v2\/types\/product"}],"wp:featuredmedia":[{"embeddable":true,"href":"https:\/\/loshaitisescayolevantado.com\/cs\/wp-json\/wp\/v2\/media\/10963"}],"wp:attachment":[{"href":"https:\/\/loshaitisescayolevantado.com\/cs\/wp-json\/wp\/v2\/media?parent=10667"}],"wp:term":[{"taxonomy":"product_brand","embeddable":true,"href":"https:\/\/loshaitisescayolevantado.com\/cs\/wp-json\/wp\/v2\/product_brand?post=10667"},{"taxonomy":"product_cat","embeddable":true,"href":"https:\/\/loshaitisescayolevantado.com\/cs\/wp-json\/wp\/v2\/product_cat?post=10667"},{"taxonomy":"product_tag","embeddable":true,"href":"https:\/\/loshaitisescayolevantado.com\/cs\/wp-json\/wp\/v2\/product_tag?post=10667"}],"curies":[{"name":"wp","href":"https:\/\/api.w.org\/{rel}","templated":true}]}}