{"id":10661,"date":"2025-12-18T09:42:25","date_gmt":"2025-12-18T09:42:25","guid":{"rendered":"https:\/\/loshaitisescayolevantado.com\/?post_type=product&#038;p=10661"},"modified":"2026-02-14T05:28:30","modified_gmt":"2026-02-14T05:28:30","slug":"-23","status":"publish","type":"product","link":"https:\/\/loshaitisescayolevantado.com\/cs\/tours\/-23\/","title":{"rendered":"Dominik\u00e1nsk\u00e1 republika: Limonsk\u00fd vodop\u00e1d V\u00fdlet na koni na Dominik\u00e1nskou republiku"},"content":{"rendered":"<div class=\"toggle-content__content toggle-content__content--expanded toggle-content__content--packable\" data-v-59485d64=\"\">\n<div data-test-id=\"activity-full-description-text\" data-v-5835c99c=\"\">\n<div class=\"woocommerce-product-details__short-description\">\n<div data-track=\"overview\" data-v-83a2b402=\"\">\n<section id=\"activity-overview\" class=\"activity-overview\" data-component=\"overview\" data-v-83a2b402=\"\" data-v-f3236c42=\"\">\n<p data-test-id=\"activity-overview-content\" data-v-f3236c42=\"\"><strong>Dominik\u00e1nsk\u00e1 republika: Limonsk\u00fd vodop\u00e1d V\u00fdlet na koni na Dominik\u00e1nskou republiku<\/strong><\/p>\n<p class=\"activity-overview__content\" data-test-id=\"activity-overview-content\" data-v-f3236c42=\"\">U\u017eijte si proj\u00ed\u017e\u010fku na koni k vodop\u00e1du El Lim\u00f3n. Proje\u010fte se tropick\u00fdm lesem a venkovskou krajinou a vychutnejte si p\u0159\u00edrodn\u00ed kr\u00e1sy vodop\u00e1du.<\/p>\n<\/section>\n<\/div>\n<\/div>\n<\/div>\n<div data-test-id=\"activity-full-description-text\" data-v-5835c99c=\"\">U\u017eijte si nezapomenuteln\u00fd v\u00fdlet ke kr\u00e1sn\u00fdm k\u0159i\u0161\u0165\u00e1lov\u011b \u010dist\u00fdm vod\u00e1m vodop\u00e1du El Lim\u00f3n. Vydejte se na proj\u00ed\u017e\u010fku na koni, zat\u00edmco proniknete p\u016fsobivou krajinou tropick\u00fdch les\u016f a podniknete 60metrov\u00fd v\u00fdstup k vodop\u00e1du. U vodop\u00e1du se naba\u017ete p\u0159\u00edrodn\u00ed kr\u00e1sy a pono\u0159te se do osv\u011b\u017euj\u00edc\u00edho p\u0159\u00edrodn\u00edho baz\u00e9nu, zat\u00edmco budete c\u00edtit s\u00edlu vody. Po n\u00e1vratu si vychutnejte lahodn\u00fd typick\u00fd dominik\u00e1nsk\u00fd ob\u011bd a m\u00e1te mo\u017enost zakoupit si typick\u00e9 dominik\u00e1nsk\u00e9 suven\u00fdry Mamajuana.<\/div>\n<div data-test-id=\"activity-full-description-text\" data-v-5835c99c=\"\"><\/div>\n<div data-test-id=\"activity-full-description-text\" data-v-5835c99c=\"\">Setkejte se se sv\u00fdm pr\u016fvodcem na ur\u010den\u00e9m m\u00edst\u011b a za\u010dn\u011bte sv\u00e9 dobrodru\u017estv\u00ed. Je\u010fte na koni a objevujte p\u016fsobivou krajinu, cestujte neuv\u011b\u0159iteln\u00fdmi krajinami, dokud se nep\u0159ibl\u00ed\u017e\u00edte k vodop\u00e1du Salto El Lim\u00f3n. Podnikn\u011bte dechberouc\u00ed v\u00fdstup vysok\u00fd 197 stop.<\/div>\n<div data-test-id=\"activity-full-description-text\" data-v-5835c99c=\"\">Nechte se p\u0159ekvapit jej\u00ed nepopsatelnou kr\u00e1sou, obklopeni such\u00fdm a rozv\u00edjej\u00edc\u00edm se tropick\u00fdm lesem, pono\u0159te se do osv\u011b\u017euj\u00edc\u00edho p\u0159\u00edrodn\u00edho jez\u00edrka. Poci\u0165te s\u00edlu k\u0159i\u0161\u0165\u00e1lov\u011b \u010dist\u00fdch vod, kter\u00e9 se \u0159\u00edt\u00ed z pozoruhodn\u00e9ho vodop\u00e1du.<\/div>\n<div data-test-id=\"activity-full-description-text\" data-v-5835c99c=\"\"><\/div>\n<div data-test-id=\"activity-full-description-text\" data-v-5835c99c=\"\">Po va\u0161em dobrodru\u017estv\u00ed si vychutnejte lahodn\u00fd typick\u00fd dominik\u00e1nsk\u00fd ob\u011bd a z\u00edskejte mo\u017enost koupit si typick\u00e9 dominik\u00e1nsk\u00e9 suven\u00fdry Mamajuana.<\/div>\n<\/div>\n<div class=\"toggle-content__label-placeholder\" data-v-59485d64=\"\"><\/div>","protected":false},"excerpt":{"rendered":"<div data-track=\"overview\" data-v-83a2b402=\"\">\n<section id=\"activity-overview\" class=\"activity-overview\" data-component=\"overview\" data-v-83a2b402=\"\" data-v-f3236c42=\"\">\n<p class=\"activity-overview__content\" data-test-id=\"activity-overview-content\" data-v-f3236c42=\"\">U\u017eijte si proj\u00ed\u017e\u010fku na koni k vodop\u00e1du El Lim\u00f3n. Proje\u010fte se tropick\u00fdm lesem a venkovskou krajinou a vychutnejte si p\u0159\u00edrodn\u00ed kr\u00e1sy vodop\u00e1du.<\/p>\n<\/section>\n<\/div>\n<div data-track=\"key-details\" data-v-83a2b402=\"\"><\/div>","protected":false},"featured_media":10951,"template":"","meta":[],"product_brand":[],"product_cat":[97],"product_tag":[101,102],"class_list":{"0":"post-10661","1":"product","2":"type-product","3":"status-publish","4":"has-post-thumbnail","6":"product_cat-dominican-republic","7":"product_tag-excursion","8":"product_tag-tour","10":"first","11":"instock","12":"sale","13":"shipping-taxable","14":"product-type-external"},"_links":{"self":[{"href":"https:\/\/loshaitisescayolevantado.com\/cs\/wp-json\/wp\/v2\/product\/10661","targetHints":{"allow":["GET"]}}],"collection":[{"href":"https:\/\/loshaitisescayolevantado.com\/cs\/wp-json\/wp\/v2\/product"}],"about":[{"href":"https:\/\/loshaitisescayolevantado.com\/cs\/wp-json\/wp\/v2\/types\/product"}],"wp:featuredmedia":[{"embeddable":true,"href":"https:\/\/loshaitisescayolevantado.com\/cs\/wp-json\/wp\/v2\/media\/10951"}],"wp:attachment":[{"href":"https:\/\/loshaitisescayolevantado.com\/cs\/wp-json\/wp\/v2\/media?parent=10661"}],"wp:term":[{"taxonomy":"product_brand","embeddable":true,"href":"https:\/\/loshaitisescayolevantado.com\/cs\/wp-json\/wp\/v2\/product_brand?post=10661"},{"taxonomy":"product_cat","embeddable":true,"href":"https:\/\/loshaitisescayolevantado.com\/cs\/wp-json\/wp\/v2\/product_cat?post=10661"},{"taxonomy":"product_tag","embeddable":true,"href":"https:\/\/loshaitisescayolevantado.com\/cs\/wp-json\/wp\/v2\/product_tag?post=10661"}],"curies":[{"name":"wp","href":"https:\/\/api.w.org\/{rel}","templated":true}]}}