{"id":10279,"date":"2025-12-18T09:29:13","date_gmt":"2025-12-18T09:29:13","guid":{"rendered":"https:\/\/loshaitisescayolevantado.com\/?post_type=product&#038;p=10279"},"modified":"2026-02-09T04:25:13","modified_gmt":"2026-02-09T04:25:13","slug":"buggy-v-punta-cana-ricni-jeskyne-macao-plaz","status":"publish","type":"product","link":"https:\/\/loshaitisescayolevantado.com\/cs\/tours\/buggy-v-punta-cana-ricni-jeskyne-macao-plaz\/","title":{"rendered":"Buggy In Punta Cana, River Cave, Macao Beach"},"content":{"rendered":"<p><strong>Buggy In Punta Cana, River Cave, Macao Beach<\/strong><\/p>\n<p>Vydejte se na vzru\u0161uj\u00edc\u00ed p\u016fldenn\u00ed dobrodru\u017estv\u00ed v Punta Can\u011b, kter\u00e9 slibuje nezapomenuteln\u00fd z\u00e1\u017eitek. N\u00e1\u0161 v\u00fdlet v\u00e1s provede centrem Punta Cany a nab\u00eddne v\u00e1m dokonalou kombinaci vzru\u0161en\u00ed, p\u0159\u00edrodn\u00edch kr\u00e1s a kulturn\u00edho pozn\u00e1v\u00e1n\u00ed. P\u0159ipravte se na akc\u00ed nabit\u00fd program, kter\u00fd zahrnuje:<\/p>\n<p>1. N\u00e1v\u0161t\u011bva pl\u00e1\u017ee Macao: Pono\u0159te se do dechberouc\u00ed kr\u00e1sy pl\u00e1\u017ee Macao, jednoho z nej\u00fa\u017easn\u011bj\u0161\u00edch pob\u0159e\u017e\u00ed Punta Cany. Uc\u00edt\u00edte jemn\u00fd p\u00edsek mezi prsty a vychutn\u00e1te si fascinuj\u00edc\u00ed v\u00fdhled na azurov\u00e9 vody.<\/p>\n<p>2. M\u00edstn\u00ed ochutn\u00e1vky: Vychutnejte si smysly a ochutnejte chut\u011b Dominik\u00e1nsk\u00e9 republiky. Vychutnejte si bohatou v\u016fni m\u00edstn\u00ed k\u00e1vy, pot\u011b\u0161te se sladkost\u00ed prav\u00e9 \u010dokol\u00e1dy a vychutnejte si v\u00fdraznou chu\u0165 m\u00edstn\u00edho rumu.<\/p>\n<p>3. Exkurze s ko\u010d\u00e1rky: Vydejte se na vzru\u0161uj\u00edc\u00ed v\u00fdlet na bugin\u00e1ch: Za\u017eijte vzru\u0161en\u00ed z j\u00edzdy \u010dlenit\u00fdm ter\u00e9nem a \u0161plouch\u00e1n\u00ed v bahn\u011b. P\u0159i proj\u00ed\u017ed\u011bn\u00ed rozmanitou krajinou Punta Cany poc\u00edt\u00edte adrenalin.<\/p>\n<p>4. Pr\u016fzkum podzemn\u00edch vodn\u00edch jeskyn\u00ed: Vydejte se do hlubin podzemn\u00ed vodn\u00ed jeskyn\u011b a objevte skryt\u00e9 divy p\u0159\u00edrody Dominik\u00e1nsk\u00e9 republiky. Obdivujte okouzluj\u00edc\u00ed \u00fatvary a pono\u0159te se do klidn\u00e9 kr\u00e1sy tohoto jedine\u010dn\u00e9ho prost\u0159ed\u00ed.<\/p>\n<p>M\u011bjte pros\u00edm na pam\u011bti, \u017ee za p\u0159edm\u011bty, fotografie nebo videa, kter\u00e9 si b\u011bhem exkurze zakoup\u00edte, na\u0161e spole\u010dnost neodpov\u00edd\u00e1, proto\u017ee je nab\u00edzej\u00ed jin\u00ed prodejci. Chceme, abyste si z exkurze odnesli nezapomenuteln\u00fd a p\u0159\u00edjemn\u00fd z\u00e1\u017eitek, proto si p\u0159\u00edpadn\u00e9 n\u00e1kupy m\u016f\u017eete uskute\u010dnit podle vlastn\u00edho uv\u00e1\u017een\u00ed.<\/p>","protected":false},"excerpt":{"rendered":"<div data-track=\"overview\" data-v-83a2b402=\"\">\n<section id=\"activity-overview\" class=\"activity-overview\" data-component=\"overview\" data-v-83a2b402=\"\" data-v-f3236c42=\"\">\n<p class=\"activity-overview__content\" data-test-id=\"activity-overview-content\" data-v-f3236c42=\"\">V\u00fdlet na bugin\u00e1ch je jedn\u00edm z nejobl\u00edben\u011bj\u0161\u00edch v Punta Can\u011b, tento z\u00e1\u017eitek je nezapomenuteln\u00fdm dobrodru\u017estv\u00edm.<\/p>\n<\/section>\n<\/div>\n<div data-track=\"key-details\" data-v-83a2b402=\"\"><\/div>","protected":false},"featured_media":10668,"template":"","meta":[],"product_brand":[],"product_cat":[97],"product_tag":[101,102],"class_list":{"0":"post-10279","1":"product","2":"type-product","3":"status-publish","4":"has-post-thumbnail","6":"product_cat-dominican-republic","7":"product_tag-excursion","8":"product_tag-tour","10":"first","11":"instock","12":"sale","13":"shipping-taxable","14":"product-type-external"},"_links":{"self":[{"href":"https:\/\/loshaitisescayolevantado.com\/cs\/wp-json\/wp\/v2\/product\/10279","targetHints":{"allow":["GET"]}}],"collection":[{"href":"https:\/\/loshaitisescayolevantado.com\/cs\/wp-json\/wp\/v2\/product"}],"about":[{"href":"https:\/\/loshaitisescayolevantado.com\/cs\/wp-json\/wp\/v2\/types\/product"}],"wp:featuredmedia":[{"embeddable":true,"href":"https:\/\/loshaitisescayolevantado.com\/cs\/wp-json\/wp\/v2\/media\/10668"}],"wp:attachment":[{"href":"https:\/\/loshaitisescayolevantado.com\/cs\/wp-json\/wp\/v2\/media?parent=10279"}],"wp:term":[{"taxonomy":"product_brand","embeddable":true,"href":"https:\/\/loshaitisescayolevantado.com\/cs\/wp-json\/wp\/v2\/product_brand?post=10279"},{"taxonomy":"product_cat","embeddable":true,"href":"https:\/\/loshaitisescayolevantado.com\/cs\/wp-json\/wp\/v2\/product_cat?post=10279"},{"taxonomy":"product_tag","embeddable":true,"href":"https:\/\/loshaitisescayolevantado.com\/cs\/wp-json\/wp\/v2\/product_tag?post=10279"}],"curies":[{"name":"wp","href":"https:\/\/api.w.org\/{rel}","templated":true}]}}