{"id":10194,"date":"2025-12-18T09:26:35","date_gmt":"2025-12-18T09:26:35","guid":{"rendered":"https:\/\/loshaitisescayolevantado.com\/?post_type=product&#038;p=10194"},"modified":"2026-02-09T04:22:22","modified_gmt":"2026-02-09T04:22:22","slug":"santo-domingo-saona-vylet-katamaranem-s-obedovym-barem","status":"publish","type":"product","link":"https:\/\/loshaitisescayolevantado.com\/cs\/tours\/santo-domingo-saona-vylet-katamaranem-s-obedovym-barem\/","title":{"rendered":"Santo Domingo: Domingo: V\u00fdlet katamar\u00e1nem na ostrov Saona s ob\u011bdem a barem"},"content":{"rendered":"<p><strong>Santo Domingo: V\u00fdlet katamar\u00e1nem na ostrov Saona s ob\u011bdem a barem<\/strong><\/p>\n<p>Vydejte se na celodenn\u00ed v\u00fdlet ze Santo Dominga do tropick\u00e9ho r\u00e1je ostrova Saona v srdci Karibiku, zn\u00e1m\u00e9ho sv\u00fdmi b\u00edl\u00fdmi p\u00edse\u010dn\u00fdmi pl\u00e1\u017eemi, k\u0159i\u0161\u0165\u00e1lov\u011b \u010distou vodou a p\u016fsobiv\u00fdmi krajinami.<\/p>\n<p>Za\u010dn\u011bte j\u00edzdou do Bayahibe a pot\u00e9 nasedn\u011bte na katamar\u00e1n, abyste zah\u00e1jili sv\u00e9 dobrodru\u017estv\u00ed. B\u011bhem cesty si ud\u011blejte p\u0159est\u00e1vku a pono\u0159te se do p\u0159\u00edrodn\u00edho baz\u00e9nu s k\u0159i\u0161\u0165\u00e1lov\u011b \u010distou vodou a malou hloubkou, domova velk\u00fdch hv\u011bzdic.<\/p>\n<p>Jakmile doraz\u00edte na ostrov Saona, u\u017eijte si svobodu v\u00fdb\u011bru z r\u016fzn\u00fdch aktivit. Vyu\u017eijte naplno tyrkysov\u00e9 vody, napijte se z otev\u0159en\u00e9ho baru, relaxujte v houpac\u00edch s\u00edt\u00edch na pl\u00e1\u017ei, projd\u011bte se pod\u00e9l pob\u0159e\u017e\u00ed nebo si zahrajte \u017eivou hru volejbalu.<\/p>\n<p>Nakonec si vychutnejte tradi\u010dn\u00ed dominik\u00e1nsk\u00fd ob\u011bd s lahodn\u00fdmi specialitami, jako je ku\u0159ec\u00ed maso, vep\u0159ov\u00e9 maso, r\u00fd\u017ee, fazole, sal\u00e1t a \u010derstv\u00e9 ovoce.<\/p>","protected":false},"excerpt":{"rendered":"<div data-track=\"overview\" data-v-83a2b402=\"\">\n<section id=\"activity-overview\" class=\"activity-overview\" data-component=\"overview\" data-v-83a2b402=\"\" data-v-f3236c42=\"\">\n<p class=\"activity-overview__content\" data-test-id=\"activity-overview-content\" data-v-f3236c42=\"\">P\u0159ipojte se k celodenn\u00edmu v\u00fdletu ze Santo Dominga na ostrov Saona, obklopen\u00fd mangrovy, kor\u00e1lov\u00fdmi \u00fatesy a pl\u00e1\u017eemi lemovan\u00fdmi palmami. Zaplavte si v p\u0159\u00edrodn\u00edm baz\u00e9nu, vychutnejte si dominik\u00e1nsk\u00fd ob\u011bd a dop\u0159ejte si otev\u0159en\u00fd bar.<\/p>\n<\/section>\n<\/div>\n<div data-track=\"key-details\" data-v-83a2b402=\"\"><\/div>","protected":false},"featured_media":10594,"template":"","meta":[],"product_brand":[],"product_cat":[97],"product_tag":[101,102],"class_list":{"0":"post-10194","1":"product","2":"type-product","3":"status-publish","4":"has-post-thumbnail","6":"product_cat-dominican-republic","7":"product_tag-excursion","8":"product_tag-tour","10":"first","11":"instock","12":"sale","13":"shipping-taxable","14":"product-type-external"},"_links":{"self":[{"href":"https:\/\/loshaitisescayolevantado.com\/cs\/wp-json\/wp\/v2\/product\/10194","targetHints":{"allow":["GET"]}}],"collection":[{"href":"https:\/\/loshaitisescayolevantado.com\/cs\/wp-json\/wp\/v2\/product"}],"about":[{"href":"https:\/\/loshaitisescayolevantado.com\/cs\/wp-json\/wp\/v2\/types\/product"}],"wp:featuredmedia":[{"embeddable":true,"href":"https:\/\/loshaitisescayolevantado.com\/cs\/wp-json\/wp\/v2\/media\/10594"}],"wp:attachment":[{"href":"https:\/\/loshaitisescayolevantado.com\/cs\/wp-json\/wp\/v2\/media?parent=10194"}],"wp:term":[{"taxonomy":"product_brand","embeddable":true,"href":"https:\/\/loshaitisescayolevantado.com\/cs\/wp-json\/wp\/v2\/product_brand?post=10194"},{"taxonomy":"product_cat","embeddable":true,"href":"https:\/\/loshaitisescayolevantado.com\/cs\/wp-json\/wp\/v2\/product_cat?post=10194"},{"taxonomy":"product_tag","embeddable":true,"href":"https:\/\/loshaitisescayolevantado.com\/cs\/wp-json\/wp\/v2\/product_tag?post=10194"}],"curies":[{"name":"wp","href":"https:\/\/api.w.org\/{rel}","templated":true}]}}